{"id":1148,"date":"2026-04-14T16:23:18","date_gmt":"2026-04-14T14:23:18","guid":{"rendered":"https:\/\/arenal-residences.com\/?page_id=1148"},"modified":"2026-04-14T16:26:37","modified_gmt":"2026-04-14T14:26:37","slug":"legal-notice","status":"publish","type":"page","link":"https:\/\/arenal-residences.com\/es\/legal-notice\/","title":{"rendered":"Legal Notice"},"content":{"rendered":"<div data-elementor-type=\"wp-page\" data-elementor-id=\"1148\" class=\"elementor elementor-1148\" data-elementor-post-type=\"page\">\n\t\t\t\t<div class=\"elementor-element elementor-element-79ca703 e-flex e-con-boxed e-con e-parent\" data-id=\"79ca703\" data-element_type=\"container\">\n\t\t\t\t\t<div class=\"e-con-inner\">\n\t\t\t\t<div class=\"elementor-element elementor-element-694cc43 elementor-widget elementor-widget-text-editor\" data-id=\"694cc43\" data-element_type=\"widget\" data-widget_type=\"text-editor.default\">\n\t\t\t\t<div class=\"elementor-widget-container\">\n\t\t\t\t\t\t\t\t\t<h2>AVISO LEGAL<\/h2><h2>LEY DE LOS SERVICIOS DE LA SOCIEDAD DE LA INFORMACI\u00d3N (LSSI)<\/h2><p>Royal Balconies Of Menorca S.L., responsable del sitio web, en adelante RESPONSABLE, pone a disposici\u00f3n de los usuarios el presente documento con el fin de dar cumplimiento a las obligaciones dispuestas en la Ley 34\/2002, de 11 de julio, de Servicios de la Sociedad de la Informaci\u00f3n y de Comercio Electr\u00f3nico (LSSICE), BOE n.\u00ba 166, as\u00ed como informar a todos los usuarios del sitio web de las condiciones de uso.<\/p><p>Toda persona que acceda a este sitio web asume el papel de USUARIO, comprometi\u00e9ndose a la observancia y cumplimiento riguroso de las disposiciones aqu\u00ed dispuestas, as\u00ed como de cualquier otra disposici\u00f3n legal que fuera de aplicaci\u00f3n.<\/p><p>Royal Balconies Of Menorca S.L. se reserva el derecho de modificar cualquier tipo de informaci\u00f3n que pudiera aparecer en el sitio web, sin que exista obligaci\u00f3n de preavisar o poner en conocimiento de los usuarios dichas modificaciones, entendi\u00e9ndose como suficiente la publicaci\u00f3n en el sitio web.<\/p><h2>1. DATOS IDENTIFICATIVOS<\/h2><ul><li><strong>Nombre de dominio:<\/strong> https:\/\/arenal-residences.com\/<\/li><li><strong>Nombre comercial:<\/strong> AZUR GROUP<\/li><li><strong>Denominaci\u00f3n social:<\/strong> Royal Balconies Of Menorca S.L.<\/li><li><strong>NIF:<\/strong> B42675033<\/li><li><strong>Domicilio social:<\/strong> Calle Severo Ochoa 48 BAJO 1. 03203, Elche (Alicante). Spain<\/li><li><strong>Email:<\/strong> info@azurgroup.eu<\/li><\/ul><h2>2. DERECHOS DE PROPIEDAD INTELECTUAL E INDUSTRIAL<\/h2><p>El sitio web, incluyendo a t\u00edtulo enunciativo pero no limitativo su programaci\u00f3n, edici\u00f3n, compilaci\u00f3n y dem\u00e1s elementos necesarios para su funcionamiento, as\u00ed como los dise\u00f1os, logotipos, textos y\/o gr\u00e1ficos, son propiedad del RESPONSABLE o, en su caso, dispone de licencia o autorizaci\u00f3n expresa por parte de los autores. Todos los contenidos del sitio web se encuentran debidamente protegidos por la normativa de propiedad intelectual e industrial, as\u00ed como inscritos en los registros p\u00fablicos correspondientes.<\/p><p>Independientemente de la finalidad para la que fueran destinados, la reproducci\u00f3n total o parcial, uso, explotaci\u00f3n, distribuci\u00f3n y comercializaci\u00f3n requiere en todo caso la autorizaci\u00f3n escrita previa por parte del RESPONSABLE. Cualquier uso no autorizado previamente se considera un incumplimiento grave de los derechos de propiedad intelectual o industrial.<\/p><p>Los dise\u00f1os, logotipos, textos y\/o gr\u00e1ficos ajenos al RESPONSABLE y que pudieran aparecer en el sitio web pertenecen a sus respectivos propietarios, siendo ellos responsables de cualquier posible controversia que pudiera suscitarse respecto a los mismos. El RESPONSABLE autoriza expresamente a terceros a redirigir directamente a contenidos concretos del sitio web y, en todo caso, a redirigir al sitio web principal.<\/p><p>El RESPONSABLE reconoce a favor de sus titulares los correspondientes derechos de propiedad intelectual e industrial, no implicando su sola menci\u00f3n o aparici\u00f3n en el sitio web la existencia de derechos o responsabilidad alguna sobre los mismos, ni respaldo, patrocinio o recomendaci\u00f3n por parte del RESPONSABLE.<\/p><p>Para realizar cualquier tipo de observaci\u00f3n respecto a posibles incumplimientos de los derechos de propiedad intelectual o industrial, as\u00ed como sobre cualquiera de los contenidos del sitio web, puede hacerlo a trav\u00e9s del correo electr\u00f3nico info@azurgroup.eu.<\/p><h2>3. EXENCI\u00d3N DE RESPONSABILIDADES<\/h2><p>El RESPONSABLE se exime de cualquier tipo de responsabilidad derivada de la informaci\u00f3n publicada en su sitio web siempre que no tenga conocimiento efectivo de que dicha informaci\u00f3n haya sido manipulada o introducida por un tercero ajeno al mismo o, en caso de tenerlo, haya actuado con diligencia para retirar los datos o hacer imposible el acceso a ellos.<\/p><p><strong>Uso de cookies<\/strong><\/p><p>Este sitio web puede utilizar cookies t\u00e9cnicas (peque\u00f1os archivos de informaci\u00f3n que el servidor env\u00eda al dispositivo de quien accede a la p\u00e1gina) para llevar a cabo determinadas funciones que son consideradas imprescindibles para el correcto funcionamiento y visualizaci\u00f3n del sitio web. Las cookies utilizadas tienen, en todo caso, car\u00e1cter temporal, con la \u00fanica finalidad de hacer m\u00e1s eficaz la navegaci\u00f3n, y desaparecen al finalizar la sesi\u00f3n del usuario. En ning\u00fan caso estas cookies proporcionan por s\u00ed mismas datos de car\u00e1cter personal ni se utilizar\u00e1n para la recogida de los mismos.<\/p><p>Mediante el uso de cookies tambi\u00e9n es posible que el servidor donde se encuentra la web reconozca el navegador utilizado por el usuario con la finalidad de facilitar la navegaci\u00f3n. Tambi\u00e9n pueden permitir, por ejemplo, el acceso de usuarios previamente registrados a \u00e1reas, servicios, promociones o concursos reservados exclusivamente a ellos sin necesidad de registrarse en cada visita. Asimismo, pueden utilizarse para medir la audiencia, par\u00e1metros de tr\u00e1fico, controlar el progreso y n\u00famero de accesos, siendo en estos casos cookies no esenciales pero beneficiosas para el usuario. Este sitio web no instalar\u00e1 cookies no esenciales sin el consentimiento previo del usuario.<\/p><p>Este sitio web utiliza cookies propias y de terceros con fines anal\u00edticos y para mostrar publicidad personalizada basada en un perfil elaborado a partir de los h\u00e1bitos de navegaci\u00f3n. Todos los usuarios son informados de ello mediante un banner flotante. En caso de aceptar su uso, el banner desaparecer\u00e1, pudiendo el usuario revocar el consentimiento en cualquier momento y obtener m\u00e1s informaci\u00f3n en la Pol\u00edtica de Cookies.<\/p><p>El usuario puede configurar su navegador para ser alertado de la recepci\u00f3n de cookies y para impedir su instalaci\u00f3n en su equipo. Consulte las instrucciones de su navegador para ampliar esta informaci\u00f3n.<\/p><p><strong>Pol\u00edtica de enlaces<\/strong><\/p><p>Desde el sitio web es posible que se redirija a contenidos de terceros. Dado que el RESPONSABLE no puede controlar siempre los contenidos introducidos por terceros en sus respectivos sitios web, no asume ning\u00fan tipo de responsabilidad respecto a dichos contenidos. En todo caso, proceder\u00e1 a la retirada inmediata de cualquier contenido que pudiera contravenir la legislaci\u00f3n, la moral o el orden p\u00fablico, eliminando la redirecci\u00f3n y notificando a las autoridades competentes.<\/p><p>El RESPONSABLE no se hace responsable de la informaci\u00f3n y contenidos almacenados en foros, chats, blogs, comentarios, redes sociales u otros medios que permitan a terceros publicar contenidos de forma independiente. No obstante, en cumplimiento de los art\u00edculos 11 y 16 de la LSSICE, colaborar\u00e1 activamente en la retirada o bloqueo de contenidos que puedan vulnerar la legislaci\u00f3n, derechos de terceros o el orden p\u00fablico. Si un usuario considera que existe contenido susceptible de esta clasificaci\u00f3n, se ruega que lo notifique inmediatamente al administrador del sitio web.<\/p><p>Este sitio web ha sido revisado y probado para que funcione correctamente. No obstante, el RESPONSABLE no descarta la existencia de errores de programaci\u00f3n o causas de fuerza mayor que impidan el acceso al sitio web.<\/p><p><strong>Direcciones IP<\/strong><\/p><p>Los servidores del sitio web pueden detectar autom\u00e1ticamente la direcci\u00f3n IP y el nombre de dominio utilizados por el usuario. Toda esta informaci\u00f3n se registra con fines estad\u00edsticos, como n\u00famero de visitas, p\u00e1ginas vistas, orden de visitas o puntos de acceso.<\/p><h2>4. LEY APLICABLE Y JURISDICCI\u00d3N<\/h2><p>Para la resoluci\u00f3n de todas las controversias relacionadas con este sitio web, ser\u00e1 de aplicaci\u00f3n la legislaci\u00f3n espa\u00f1ola. Las partes se someten a los Juzgados y Tribunales del domicilio del USUARIO o del lugar de cumplimiento de la obligaci\u00f3n.<\/p>\t\t\t\t\t\t\t\t<\/div>\n\t\t\t\t<\/div>\n\t\t\t\t\t<\/div>\n\t\t\t\t<\/div>\n\t\t\t\t<\/div>","protected":false},"excerpt":{"rendered":"<p>LEGAL NOTICE INFORMATION SOCIETY SERVICES ACT (LSSI) Royal Balconies Of Menorca S.L., responsible for the website, hereinafter the CONTROLLER, makes this document available to users in order to comply with the obligations set out in Act 34\/2002 of 11 July on Information Society and Electronic Commerce Services (LSSICE), Spanish Official State Journal No. 166, as [&hellip;]<\/p>","protected":false},"author":2,"featured_media":0,"parent":0,"menu_order":0,"comment_status":"closed","ping_status":"closed","template":"","meta":{"_monsterinsights_skip_tracking":false,"_monsterinsights_sitenote_active":false,"_monsterinsights_sitenote_note":"","_monsterinsights_sitenote_category":0,"_joinchat":[],"footnotes":""},"class_list":["post-1148","page","type-page","status-publish","hentry"],"yoast_head":"<!-- This site is optimized with the Yoast SEO plugin v26.8 - https:\/\/yoast.com\/product\/yoast-seo-wordpress\/ -->\n<title>Legal Notice - Arenal d&#039;en Castell<\/title>\n<meta name=\"robots\" content=\"index, follow, max-snippet:-1, max-image-preview:large, max-video-preview:-1\" \/>\n<link rel=\"canonical\" href=\"https:\/\/arenal-residences.com\/es\/legal-notice\/\" \/>\n<meta property=\"og:locale\" content=\"es_ES\" \/>\n<meta property=\"og:type\" content=\"article\" \/>\n<meta property=\"og:title\" content=\"Legal Notice - Arenal d&#039;en Castell\" \/>\n<meta property=\"og:description\" content=\"LEGAL NOTICE INFORMATION SOCIETY SERVICES ACT (LSSI) Royal Balconies Of Menorca S.L., responsible for the website, hereinafter the CONTROLLER, makes this document available to users in order to comply with the obligations set out in Act 34\/2002 of 11 July on Information Society and Electronic Commerce Services (LSSICE), Spanish Official State Journal No. 166, as [&hellip;]\" \/>\n<meta property=\"og:url\" content=\"https:\/\/arenal-residences.com\/es\/legal-notice\/\" \/>\n<meta property=\"og:site_name\" content=\"Arenal d&#039;en Castell\" \/>\n<meta property=\"article:modified_time\" content=\"2026-04-14T14:26:37+00:00\" \/>\n<meta name=\"twitter:card\" content=\"summary_large_image\" \/>\n<meta name=\"twitter:label1\" content=\"Tiempo de lectura\" \/>\n\t<meta name=\"twitter:data1\" content=\"6 minutos\" \/>\n<script type=\"application\/ld+json\" class=\"yoast-schema-graph\">{\"@context\":\"https:\/\/schema.org\",\"@graph\":[{\"@type\":\"WebPage\",\"@id\":\"https:\/\/arenal-residences.com\/legal-notice\/\",\"url\":\"https:\/\/arenal-residences.com\/legal-notice\/\",\"name\":\"Legal Notice - Arenal d&#039;en Castell\",\"isPartOf\":{\"@id\":\"https:\/\/arenal-residences.com\/#website\"},\"datePublished\":\"2026-04-14T14:23:18+00:00\",\"dateModified\":\"2026-04-14T14:26:37+00:00\",\"breadcrumb\":{\"@id\":\"https:\/\/arenal-residences.com\/legal-notice\/#breadcrumb\"},\"inLanguage\":\"es\",\"potentialAction\":[{\"@type\":\"ReadAction\",\"target\":[\"https:\/\/arenal-residences.com\/legal-notice\/\"]}]},{\"@type\":\"BreadcrumbList\",\"@id\":\"https:\/\/arenal-residences.com\/legal-notice\/#breadcrumb\",\"itemListElement\":[{\"@type\":\"ListItem\",\"position\":1,\"name\":\"Home\",\"item\":\"https:\/\/arenal-residences.com\/\"},{\"@type\":\"ListItem\",\"position\":2,\"name\":\"Legal Notice\"}]},{\"@type\":\"WebSite\",\"@id\":\"https:\/\/arenal-residences.com\/#website\",\"url\":\"https:\/\/arenal-residences.com\/\",\"name\":\"Arenal Residences - Arenal d'en Castell\",\"description\":\"\",\"publisher\":{\"@id\":\"https:\/\/arenal-residences.com\/#organization\"},\"potentialAction\":[{\"@type\":\"SearchAction\",\"target\":{\"@type\":\"EntryPoint\",\"urlTemplate\":\"https:\/\/arenal-residences.com\/?s={search_term_string}\"},\"query-input\":{\"@type\":\"PropertyValueSpecification\",\"valueRequired\":true,\"valueName\":\"search_term_string\"}}],\"inLanguage\":\"es\"},{\"@type\":\"Organization\",\"@id\":\"https:\/\/arenal-residences.com\/#organization\",\"name\":\"Arenal Residences - Arenal d'en Castell\",\"url\":\"https:\/\/arenal-residences.com\/\",\"logo\":{\"@type\":\"ImageObject\",\"inLanguage\":\"es\",\"@id\":\"https:\/\/arenal-residences.com\/#\/schema\/logo\/image\/\",\"url\":\"https:\/\/arenal-residences.com\/wp-content\/uploads\/2024\/09\/cropped-cropped-Arenal-Den-Castell-Logoboard-07.png\",\"contentUrl\":\"https:\/\/arenal-residences.com\/wp-content\/uploads\/2024\/09\/cropped-cropped-Arenal-Den-Castell-Logoboard-07.png\",\"width\":512,\"height\":512,\"caption\":\"Arenal Residences - Arenal d'en Castell\"},\"image\":{\"@id\":\"https:\/\/arenal-residences.com\/#\/schema\/logo\/image\/\"}}]}<\/script>\n<!-- \/ Yoast SEO plugin. -->","yoast_head_json":{"title":"Legal Notice - Arenal d&#039;en Castell","robots":{"index":"index","follow":"follow","max-snippet":"max-snippet:-1","max-image-preview":"max-image-preview:large","max-video-preview":"max-video-preview:-1"},"canonical":"https:\/\/arenal-residences.com\/es\/legal-notice\/","og_locale":"es_ES","og_type":"article","og_title":"Legal Notice - Arenal d&#039;en Castell","og_description":"LEGAL NOTICE INFORMATION SOCIETY SERVICES ACT (LSSI) Royal Balconies Of Menorca S.L., responsible for the website, hereinafter the CONTROLLER, makes this document available to users in order to comply with the obligations set out in Act 34\/2002 of 11 July on Information Society and Electronic Commerce Services (LSSICE), Spanish Official State Journal No. 166, as [&hellip;]","og_url":"https:\/\/arenal-residences.com\/es\/legal-notice\/","og_site_name":"Arenal d&#039;en Castell","article_modified_time":"2026-04-14T14:26:37+00:00","twitter_card":"summary_large_image","twitter_misc":{"Tiempo de lectura":"6 minutos"},"schema":{"@context":"https:\/\/schema.org","@graph":[{"@type":"WebPage","@id":"https:\/\/arenal-residences.com\/legal-notice\/","url":"https:\/\/arenal-residences.com\/legal-notice\/","name":"Legal Notice - Arenal d&#039;en Castell","isPartOf":{"@id":"https:\/\/arenal-residences.com\/#website"},"datePublished":"2026-04-14T14:23:18+00:00","dateModified":"2026-04-14T14:26:37+00:00","breadcrumb":{"@id":"https:\/\/arenal-residences.com\/legal-notice\/#breadcrumb"},"inLanguage":"es","potentialAction":[{"@type":"ReadAction","target":["https:\/\/arenal-residences.com\/legal-notice\/"]}]},{"@type":"BreadcrumbList","@id":"https:\/\/arenal-residences.com\/legal-notice\/#breadcrumb","itemListElement":[{"@type":"ListItem","position":1,"name":"Home","item":"https:\/\/arenal-residences.com\/"},{"@type":"ListItem","position":2,"name":"Legal Notice"}]},{"@type":"WebSite","@id":"https:\/\/arenal-residences.com\/#website","url":"https:\/\/arenal-residences.com\/","name":"Arenal Residences - Arenal d'en Castell","description":"","publisher":{"@id":"https:\/\/arenal-residences.com\/#organization"},"potentialAction":[{"@type":"SearchAction","target":{"@type":"EntryPoint","urlTemplate":"https:\/\/arenal-residences.com\/?s={search_term_string}"},"query-input":{"@type":"PropertyValueSpecification","valueRequired":true,"valueName":"search_term_string"}}],"inLanguage":"es"},{"@type":"Organization","@id":"https:\/\/arenal-residences.com\/#organization","name":"Arenal Residences - Arenal d'en Castell","url":"https:\/\/arenal-residences.com\/","logo":{"@type":"ImageObject","inLanguage":"es","@id":"https:\/\/arenal-residences.com\/#\/schema\/logo\/image\/","url":"https:\/\/arenal-residences.com\/wp-content\/uploads\/2024\/09\/cropped-cropped-Arenal-Den-Castell-Logoboard-07.png","contentUrl":"https:\/\/arenal-residences.com\/wp-content\/uploads\/2024\/09\/cropped-cropped-Arenal-Den-Castell-Logoboard-07.png","width":512,"height":512,"caption":"Arenal Residences - Arenal d'en Castell"},"image":{"@id":"https:\/\/arenal-residences.com\/#\/schema\/logo\/image\/"}}]}},"_links":{"self":[{"href":"https:\/\/arenal-residences.com\/es\/wp-json\/wp\/v2\/pages\/1148","targetHints":{"allow":["GET"]}}],"collection":[{"href":"https:\/\/arenal-residences.com\/es\/wp-json\/wp\/v2\/pages"}],"about":[{"href":"https:\/\/arenal-residences.com\/es\/wp-json\/wp\/v2\/types\/page"}],"author":[{"embeddable":true,"href":"https:\/\/arenal-residences.com\/es\/wp-json\/wp\/v2\/users\/2"}],"replies":[{"embeddable":true,"href":"https:\/\/arenal-residences.com\/es\/wp-json\/wp\/v2\/comments?post=1148"}],"version-history":[{"count":9,"href":"https:\/\/arenal-residences.com\/es\/wp-json\/wp\/v2\/pages\/1148\/revisions"}],"predecessor-version":[{"id":1159,"href":"https:\/\/arenal-residences.com\/es\/wp-json\/wp\/v2\/pages\/1148\/revisions\/1159"}],"wp:attachment":[{"href":"https:\/\/arenal-residences.com\/es\/wp-json\/wp\/v2\/media?parent=1148"}],"curies":[{"name":"wp","href":"https:\/\/api.w.org\/{rel}","templated":true}]}}