{"id":246,"date":"2024-09-18T17:49:08","date_gmt":"2024-09-18T15:49:08","guid":{"rendered":"https:\/\/arenal-residences.com\/cookie-policy\/"},"modified":"2026-04-15T14:41:01","modified_gmt":"2026-04-15T12:41:01","slug":"cookie-policy","status":"publish","type":"page","link":"https:\/\/arenal-residences.com\/es\/cookie-policy\/","title":{"rendered":"Pol\u00edtica de Cookies"},"content":{"rendered":"<div data-elementor-type=\"wp-page\" data-elementor-id=\"246\" class=\"elementor elementor-246\" data-elementor-post-type=\"page\">\n\t\t\t\t<div class=\"elementor-element elementor-element-b3dc2b9 e-flex e-con-boxed e-con e-parent\" data-id=\"b3dc2b9\" data-element_type=\"container\" data-e-type=\"container\">\n\t\t\t\t\t<div class=\"e-con-inner\">\n\t\t\t\t<div class=\"elementor-element elementor-element-b7f0832 elementor-widget elementor-widget-html\" data-id=\"b7f0832\" data-element_type=\"widget\" data-e-type=\"widget\" data-widget_type=\"html.default\">\n\t\t\t\t<div class=\"elementor-widget-container\">\n\t\t\t\t\t<div>\r\n<h2>INFORMACI\u00d3N SOBRE COOKIES<\/h2>\r\n<p>De conformidad con la Ley 34\/2002, de 11 de julio, de Servicios de la Sociedad de la Informaci\u00f3n y de Comercio Electr\u00f3nico (LSSI), en relaci\u00f3n con el Reglamento (UE) 2016\/679 del Parlamento Europeo y del Consejo, de 27 de abril de 2016 (RGPD), y la Ley Org\u00e1nica 3\/2018, de 5 de diciembre (LOPDGDD), es obligatorio obtener el consentimiento expreso del usuario antes de utilizar cookies no esenciales.<\/p>\r\n<h2>\u00bfQU\u00c9 SON LAS COOKIES?<\/h2>\r\n<p>Las cookies y otras tecnolog\u00edas similares como local shared objects, flash cookies o p\u00edxeles son herramientas utilizadas por los servidores web para almacenar y recuperar informaci\u00f3n sobre los visitantes, as\u00ed como para garantizar el correcto funcionamiento del sitio web.<\/p>\r\n<p>Mediante el uso de estos dispositivos, el servidor web puede recordar ciertos datos del usuario, como sus preferencias de visualizaci\u00f3n, nombre y contrase\u00f1a, productos de inter\u00e9s, etc.<\/p>\r\n<h2>COOKIES AFECTADAS POR LA NORMATIVA Y COOKIES EXENTAS<\/h2>\r\n<p>Seg\u00fan la normativa de la Uni\u00f3n Europea, las cookies que requieren el consentimiento informado del usuario son las de an\u00e1lisis, publicidad y afiliaci\u00f3n, mientras que las cookies t\u00e9cnicas y aquellas necesarias para el funcionamiento del sitio web o la prestaci\u00f3n de servicios solicitados por el usuario quedan exentas.<\/p>\r\n<h2>TIPOS DE COOKIES<\/h2>\r\n<h3>SEG\u00daN SU FINALIDAD<\/h3>\r\n<p>Cookies t\u00e9cnicas y funcionales: permiten al usuario la navegaci\u00f3n a trav\u00e9s de una p\u00e1gina web, plataforma o aplicaci\u00f3n y la utilizaci\u00f3n de las diferentes opciones o servicios que en ella existan.<\/p>\r\n<p>Cookies de an\u00e1lisis: permiten al responsable el seguimiento y an\u00e1lisis del comportamiento de los usuarios de los sitios web a los que est\u00e1n vinculadas. La informaci\u00f3n recogida mediante este tipo de cookies se utiliza en la medici\u00f3n de la actividad de los sitios web, aplicaci\u00f3n o plataforma y para la elaboraci\u00f3n de perfiles de navegaci\u00f3n de los usuarios, con el fin de introducir mejoras en funci\u00f3n del an\u00e1lisis de los datos de uso.<\/p>\r\n<p>Cookies publicitarias: permiten la gesti\u00f3n, de la forma m\u00e1s eficaz posible, de los espacios publicitarios que, en su caso, el editor haya incluido en una p\u00e1gina web, aplicaci\u00f3n o plataforma desde la que presta el servicio solicitado, bas\u00e1ndose en criterios como el contenido editado o la frecuencia en la que se muestran los anuncios.<\/p>\r\n<p>Cookies de publicidad comportamental: recogen informaci\u00f3n sobre las preferencias y elecciones personales del usuario (retargeting) para permitir la gesti\u00f3n, de la forma m\u00e1s eficaz posible, de los espacios publicitarios que el editor haya incluido.<\/p>\r\n<p>Cookies sociales: son establecidas por plataformas de redes sociales para permitir compartir contenido con amigos y redes. Estas plataformas pueden rastrear la actividad online fuera del sitio web, lo que puede afectar al contenido y mensajes que se muestran en otros servicios utilizados.<\/p>\r\n<p>Cookies de afiliados: permiten hacer un seguimiento de las visitas procedentes de enlaces de otras p\u00e1ginas web con las que el sitio establece acuerdos de afiliaci\u00f3n.<\/p>\r\n<p>Cookies de seguridad: almacenan informaci\u00f3n cifrada para evitar que los datos guardados en ellas sean vulnerables a ataques maliciosos de terceros.<\/p>\r\n<h3>SEG\u00daN SU TITULARIDAD<\/h3>\r\n<p>Cookies propias: son enviadas al equipo terminal del usuario desde un equipo o dominio gestionado por el propio editor y desde el que se presta el servicio solicitado.<\/p>\r\n<p>Cookies de terceros: son enviadas al equipo terminal del usuario desde un equipo o dominio que no es gestionado por el editor, sino por otra entidad que trata los datos obtenidos a trav\u00e9s de las cookies.<\/p>\r\n<h3>SEG\u00daN SU PLAZO DE CONSERVACI\u00d3N<\/h3>\r\n<p>Cookies de sesi\u00f3n: son un tipo de cookies dise\u00f1adas para recabar y almacenar datos mientras el usuario accede a una p\u00e1gina web.<\/p>\r\n<p>Cookies persistentes: son un tipo de cookies en las que los datos siguen almacenados en el terminal y pueden ser accedidos y tratados durante un periodo definido por el responsable de la cookie, que puede ir desde unos minutos hasta varios a\u00f1os.<\/p>\r\n<h2>TRATAMIENTO DE DATOS PERSONALES<\/h2>\r\n<p>Royal Balconies Of Menorca S.L. es el Responsable del tratamiento de los datos personales del interesado y le informa de que estos datos ser\u00e1n tratados conforme a lo dispuesto en el Reglamento (UE) 2016\/679 (RGPD).<\/p>\r\n<p>Finalidad del tratamiento: seg\u00fan se especifica en el apartado de cookies utilizadas en este sitio web.<\/p>\r\n<p>Legitimaci\u00f3n del tratamiento: salvo en los casos en los que sea necesario para la navegaci\u00f3n, por consentimiento del interesado (art. 6.1.a RGPD).<\/p>\r\n<p>Criterios de conservaci\u00f3n de los datos: seg\u00fan se especifica en el apartado de cookies utilizadas en el sitio web.<\/p>\r\n<p>Comunicaci\u00f3n de datos: no se comunicar\u00e1n datos a terceros, salvo en el caso de cookies de terceros o por obligaci\u00f3n legal.<\/p>\r\n<p>Derechos del interesado:<\/p>\r\n<ul>\r\n    <li>Derecho a retirar el consentimiento en cualquier momento.<\/li>\r\n    <li>Derecho de acceso, rectificaci\u00f3n, portabilidad y supresi\u00f3n de sus datos, as\u00ed como a la limitaci\u00f3n u oposici\u00f3n a su tratamiento.<\/li>\r\n    <li>Derecho a presentar una reclamaci\u00f3n ante la autoridad de control competente (www.aepd.es) si considera que el tratamiento no se ajusta a la normativa vigente.<\/li>\r\n<\/ul>\r\n<p>Datos de contacto para ejercer sus derechos:<br>Royal Balconies Of Menorca S.L.<br>Calle Severo Ochoa 48 BAJO 1. 03203, Elche (Alicante). Espa\u00f1a<br>E-mail: info@azurgroup.eu<\/p>\r\n<h2>COOKIES UTILIZADAS EN ESTE SITIO WEB<\/h2>\r\n<h3>COOKIES UTILIZADAS EN ESTE SITIO WEB<\/h3>\r\n<table border=\"1\">\r\n<thead>\r\n<tr>\r\n<th>Propiedad<\/th>\r\n<th>Cookie<\/th>\r\n<th>Finalidad<\/th>\r\n<th>Plazo<\/th>\r\n<\/tr>\r\n<\/thead>\r\n<tbody>\r\n<tr>\r\n<td>Arenal Residences<\/td>\r\n<td>cmplz_banner-status<\/td>\r\n<td>Almacena si el banner de cookies ha sido cerrado<\/td>\r\n<td>365 d\u00edas<\/td>\r\n<\/tr>\r\n<tr>\r\n<td>Arenal Residences<\/td>\r\n<td>cmplz_consent_status<\/td>\r\n<td>Stores the user's cookie consent preferences.<\/td>\r\n<td>365 d\u00edas<\/td>\r\n<\/tr>\r\n<tr>\r\n<td>Arenal Residences<\/td>\r\n<td>cmplz_functional \/ cmplz_stats<\/td>\r\n<td>Almacena el consentimiento para fines funcionales y anal\u00edticos<\/td>\r\n<td>365 d\u00edas<\/td>\r\n<\/tr>\r\n<tr>\r\n<td>Arenal Residences<\/td>\r\n<td>cmplz_marketing \/ cmplz_preferences<\/td>\r\n<td>Almacena el consentimiento para fines de marketing y preferencias<\/td>\r\n<td>365 d\u00edas<\/td>\r\n<\/tr>\r\n<tr>\r\n<td>Arenal Residences<\/td>\r\n<td>wordpress_logged_in_ \/ wp-settings-<\/td>\r\n<td>Used by WordPress to maintain the user's session and configuration.<\/td>\r\n<td>Sesi\u00f3n \/ 1 a\u00f1o<\/td>\r\n<\/tr>\r\n<\/tbody>\r\n<\/table>\r\n<h3>COOKIES DE TERCEROS<\/h3>\r\n<p>Los servicios de terceros est\u00e1n fuera del control del editor. Los proveedores pueden modificar en cualquier momento sus condiciones de servicio, finalidad y uso de las cookies.<\/p>\r\n<table border=\"1\">\r\n<thead>\r\n<tr>\r\n<th>Editor<\/th>\r\n<th>Pol\u00edtica de Privacidad<\/th>\r\n<\/tr>\r\n<\/thead>\r\n<tbody>\r\n<tr>\r\n<td>Google (Maps, Fonts, reCAPTCHA)<\/td>\r\n<td><a href=\"https:\/\/policies.google.com\/privacy?hl=en\" target=\"_blank\" rel=\"noopener\" style=\"color: #3498db;\">https:\/\/policies.google.com\/privacy<\/a><\/td>\r\n<\/tr>\r\n<\/tbody>\r\n<\/table>\r\n<h2>PANEL DE CONFIGURACI\u00d3N DE COOKIES<\/h2>\r\n<p>Desde este panel el usuario podr\u00e1 configurar las cookies que el sitio web puede instalar en su navegador, excepto las cookies t\u00e9cnicas o funcionales necesarias para la navegaci\u00f3n.<\/p>\r\n<div id=\"cmplz-manage-consent-container-nojavascript\">Has cargado la pol\u00edtica de cookies sin compatibilidad con JavaScript.&nbsp;En AMP, puedes utilizar el bot\u00f3n de gestionar el consentimiento en la parte inferior de la p\u00e1gina.<\/div><div id=\"cmplz-manage-consent-container\" name=\"cmplz-manage-consent-container\" class=\"cmplz-manage-consent-container\"><\/div>\r\n<h2>C\u00d3MO GESTIONAR LAS COOKIES DESDE EL NAVEGADOR<\/h2>\r\n<p>Eliminar cookies del dispositivo: las cookies ya instaladas pueden eliminarse borrando el historial del navegador, lo que puede suponer la p\u00e9rdida de informaci\u00f3n guardada como datos de inicio de sesi\u00f3n o preferencias.<\/p>\r\n<p>Gestionar cookies espec\u00edficas del sitio: el usuario puede ajustar la configuraci\u00f3n de privacidad y cookies de su navegador para un control m\u00e1s preciso.<\/p>\r\n<p>Bloquear cookies: la mayor\u00eda de navegadores permiten bloquear la instalaci\u00f3n de cookies, aunque esto puede afectar al funcionamiento de algunos servicios.<\/p>\r\n<h2>C\u00d3MO ELIMINAR LAS COOKIES DE LOS NAVEGADORES M\u00c1S COMUNES<\/h2>\r\n<table border=\"1\">\r\n<thead>\r\n<tr>\r\n<th>Navegador<\/th>\r\n<th>Enlace a Instrucciones<\/th>\r\n<\/tr>\r\n<\/thead>\r\n<tbody>\r\n<tr>\r\n<td>Google Chrome<\/td>\r\n<td><a href=\"http:\/\/support.google.com\/chrome\/answer\/95647?hl=es\" target=\"_blank\" rel=\"noopener\" style=\"color: #3498db;\">Instructions<\/a><\/td>\r\n<\/tr>\r\n<tr>\r\n<td>Microsoft Edge<\/td>\r\n<td><a href=\"https:\/\/support.microsoft.com\/es-es\/microsoft-edge\/eliminar-las-cookies-en-microsoft-edge-63947406-40ac-c3b8-57b9-2a946a29ae09\" target=\"_blank\" rel=\"noopener\" style=\"color: #3498db;\">Instructions<\/a><\/td>\r\n<\/tr>\r\n<tr>\r\n<td>Mozilla Firefox<\/td>\r\n<td><a href=\"https:\/\/www.mozilla.org\/es-ES\/privacy\/websites\/#cookies\" target=\"_blank\" rel=\"noopener\" style=\"color: #3498db;\">Instructions<\/a><\/td>\r\n<\/tr>\r\n<tr>\r\n<td>Safari (Mac\/iPhone)<\/td>\r\n<td><a href=\"https:\/\/support.apple.com\/es-es\/guide\/safari\/sfri11471\/mac\" target=\"_blank\" rel=\"noopener\" style=\"color: #3498db;\">Instructions<\/a><\/td>\r\n<\/tr>\r\n<tr>\r\n<td>Opera<\/td>\r\n<td><a href=\"https:\/\/help.opera.com\/en\/latest\/security-and-privacy\/#clearBrowsingData\" target=\"_blank\" rel=\"noopener\" style=\"color: #3498db;\">Instructions<\/a><\/td>\r\n<\/tr>\r\n<\/tbody>\r\n<\/table>\r\n<\/div>\r\n\t\t\t\t<\/div>\n\t\t\t\t<\/div>\n\t\t\t\t\t<\/div>\n\t\t\t\t<\/div>\n\t\t\t\t<\/div>","protected":false},"excerpt":{"rendered":"<p>INFORMATION ABOUT COOKIES In accordance with Law 34\/2002, of July 11, on services of the information society and electronic commerce (LSSI), in relation to Regulation (EU) 2016\/679 of the European Parliament and of the Council, of 27 of April 2016, General Data Protection (GDPR) and Organic Law 3\/2018, of December 5, Data Protection and Guarantee [&hellip;]<\/p>","protected":false},"author":2,"featured_media":0,"parent":0,"menu_order":0,"comment_status":"closed","ping_status":"closed","template":"","meta":{"_joinchat":[],"footnotes":""},"class_list":["post-246","page","type-page","status-publish","hentry"],"yoast_head":"<!-- This site is optimized with the Yoast SEO plugin v27.4 - https:\/\/yoast.com\/product\/yoast-seo-wordpress\/ -->\n<title>Cookie Policy - Arenal d&#039;en Castell<\/title>\n<meta name=\"robots\" content=\"noindex, follow\" \/>\n<meta property=\"og:locale\" content=\"es_ES\" \/>\n<meta property=\"og:type\" content=\"article\" \/>\n<meta property=\"og:title\" content=\"Cookie Policy - Arenal d&#039;en Castell\" \/>\n<meta property=\"og:description\" content=\"INFORMATION ABOUT COOKIES In accordance with Law 34\/2002, of July 11, on services of the information society and electronic commerce (LSSI), in relation to Regulation (EU) 2016\/679 of the European Parliament and of the Council, of 27 of April 2016, General Data Protection (GDPR) and Organic Law 3\/2018, of December 5, Data Protection and Guarantee [&hellip;]\" \/>\n<meta property=\"og:url\" content=\"https:\/\/arenal-residences.com\/es\/cookie-policy\/\" \/>\n<meta property=\"og:site_name\" content=\"Arenal d&#039;en Castell\" \/>\n<meta property=\"article:modified_time\" content=\"2026-04-15T12:41:01+00:00\" \/>\n<meta name=\"twitter:card\" content=\"summary_large_image\" \/>\n<meta name=\"twitter:label1\" content=\"Tiempo de lectura\" \/>\n\t<meta name=\"twitter:data1\" content=\"6 minutos\" \/>\n<script type=\"application\/ld+json\" class=\"yoast-schema-graph\">{\"@context\":\"https:\\\/\\\/schema.org\",\"@graph\":[{\"@type\":\"WebPage\",\"@id\":\"https:\\\/\\\/arenal-residences.com\\\/cookie-policy\\\/\",\"url\":\"https:\\\/\\\/arenal-residences.com\\\/cookie-policy\\\/\",\"name\":\"Cookie Policy - Arenal d&#039;en Castell\",\"isPartOf\":{\"@id\":\"https:\\\/\\\/arenal-residences.com\\\/#website\"},\"datePublished\":\"2024-09-18T15:49:08+00:00\",\"dateModified\":\"2026-04-15T12:41:01+00:00\",\"breadcrumb\":{\"@id\":\"https:\\\/\\\/arenal-residences.com\\\/cookie-policy\\\/#breadcrumb\"},\"inLanguage\":\"es\",\"potentialAction\":[{\"@type\":\"ReadAction\",\"target\":[\"https:\\\/\\\/arenal-residences.com\\\/cookie-policy\\\/\"]}]},{\"@type\":\"BreadcrumbList\",\"@id\":\"https:\\\/\\\/arenal-residences.com\\\/cookie-policy\\\/#breadcrumb\",\"itemListElement\":[{\"@type\":\"ListItem\",\"position\":1,\"name\":\"Home\",\"item\":\"https:\\\/\\\/arenal-residences.com\\\/\"},{\"@type\":\"ListItem\",\"position\":2,\"name\":\"Cookie Policy\"}]},{\"@type\":\"WebSite\",\"@id\":\"https:\\\/\\\/arenal-residences.com\\\/#website\",\"url\":\"https:\\\/\\\/arenal-residences.com\\\/\",\"name\":\"Arenal Residences - Arenal d'en Castell\",\"description\":\"\",\"publisher\":{\"@id\":\"https:\\\/\\\/arenal-residences.com\\\/#organization\"},\"potentialAction\":[{\"@type\":\"SearchAction\",\"target\":{\"@type\":\"EntryPoint\",\"urlTemplate\":\"https:\\\/\\\/arenal-residences.com\\\/?s={search_term_string}\"},\"query-input\":{\"@type\":\"PropertyValueSpecification\",\"valueRequired\":true,\"valueName\":\"search_term_string\"}}],\"inLanguage\":\"es\"},{\"@type\":\"Organization\",\"@id\":\"https:\\\/\\\/arenal-residences.com\\\/#organization\",\"name\":\"Arenal Residences - Arenal d'en Castell\",\"url\":\"https:\\\/\\\/arenal-residences.com\\\/\",\"logo\":{\"@type\":\"ImageObject\",\"inLanguage\":\"es\",\"@id\":\"https:\\\/\\\/arenal-residences.com\\\/#\\\/schema\\\/logo\\\/image\\\/\",\"url\":\"https:\\\/\\\/arenal-residences.com\\\/wp-content\\\/uploads\\\/2024\\\/09\\\/cropped-cropped-Arenal-Den-Castell-Logoboard-07.png\",\"contentUrl\":\"https:\\\/\\\/arenal-residences.com\\\/wp-content\\\/uploads\\\/2024\\\/09\\\/cropped-cropped-Arenal-Den-Castell-Logoboard-07.png\",\"width\":512,\"height\":512,\"caption\":\"Arenal Residences - Arenal d'en Castell\"},\"image\":{\"@id\":\"https:\\\/\\\/arenal-residences.com\\\/#\\\/schema\\\/logo\\\/image\\\/\"}}]}<\/script>\n<!-- \/ Yoast SEO plugin. -->","yoast_head_json":{"title":"Cookie Policy - Arenal d&#039;en Castell","robots":{"index":"noindex","follow":"follow"},"og_locale":"es_ES","og_type":"article","og_title":"Cookie Policy - Arenal d&#039;en Castell","og_description":"INFORMATION ABOUT COOKIES In accordance with Law 34\/2002, of July 11, on services of the information society and electronic commerce (LSSI), in relation to Regulation (EU) 2016\/679 of the European Parliament and of the Council, of 27 of April 2016, General Data Protection (GDPR) and Organic Law 3\/2018, of December 5, Data Protection and Guarantee [&hellip;]","og_url":"https:\/\/arenal-residences.com\/es\/cookie-policy\/","og_site_name":"Arenal d&#039;en Castell","article_modified_time":"2026-04-15T12:41:01+00:00","twitter_card":"summary_large_image","twitter_misc":{"Tiempo de lectura":"6 minutos"},"schema":{"@context":"https:\/\/schema.org","@graph":[{"@type":"WebPage","@id":"https:\/\/arenal-residences.com\/cookie-policy\/","url":"https:\/\/arenal-residences.com\/cookie-policy\/","name":"Cookie Policy - Arenal d&#039;en Castell","isPartOf":{"@id":"https:\/\/arenal-residences.com\/#website"},"datePublished":"2024-09-18T15:49:08+00:00","dateModified":"2026-04-15T12:41:01+00:00","breadcrumb":{"@id":"https:\/\/arenal-residences.com\/cookie-policy\/#breadcrumb"},"inLanguage":"es","potentialAction":[{"@type":"ReadAction","target":["https:\/\/arenal-residences.com\/cookie-policy\/"]}]},{"@type":"BreadcrumbList","@id":"https:\/\/arenal-residences.com\/cookie-policy\/#breadcrumb","itemListElement":[{"@type":"ListItem","position":1,"name":"Home","item":"https:\/\/arenal-residences.com\/"},{"@type":"ListItem","position":2,"name":"Cookie Policy"}]},{"@type":"WebSite","@id":"https:\/\/arenal-residences.com\/#website","url":"https:\/\/arenal-residences.com\/","name":"Arenal Residences - Arenal d'en Castell","description":"","publisher":{"@id":"https:\/\/arenal-residences.com\/#organization"},"potentialAction":[{"@type":"SearchAction","target":{"@type":"EntryPoint","urlTemplate":"https:\/\/arenal-residences.com\/?s={search_term_string}"},"query-input":{"@type":"PropertyValueSpecification","valueRequired":true,"valueName":"search_term_string"}}],"inLanguage":"es"},{"@type":"Organization","@id":"https:\/\/arenal-residences.com\/#organization","name":"Arenal Residences - Arenal d'en Castell","url":"https:\/\/arenal-residences.com\/","logo":{"@type":"ImageObject","inLanguage":"es","@id":"https:\/\/arenal-residences.com\/#\/schema\/logo\/image\/","url":"https:\/\/arenal-residences.com\/wp-content\/uploads\/2024\/09\/cropped-cropped-Arenal-Den-Castell-Logoboard-07.png","contentUrl":"https:\/\/arenal-residences.com\/wp-content\/uploads\/2024\/09\/cropped-cropped-Arenal-Den-Castell-Logoboard-07.png","width":512,"height":512,"caption":"Arenal Residences - Arenal d'en Castell"},"image":{"@id":"https:\/\/arenal-residences.com\/#\/schema\/logo\/image\/"}}]}},"_hostinger_reach_plugin_has_subscription_block":false,"_hostinger_reach_plugin_is_elementor":false,"_links":{"self":[{"href":"https:\/\/arenal-residences.com\/es\/wp-json\/wp\/v2\/pages\/246","targetHints":{"allow":["GET"]}}],"collection":[{"href":"https:\/\/arenal-residences.com\/es\/wp-json\/wp\/v2\/pages"}],"about":[{"href":"https:\/\/arenal-residences.com\/es\/wp-json\/wp\/v2\/types\/page"}],"author":[{"embeddable":true,"href":"https:\/\/arenal-residences.com\/es\/wp-json\/wp\/v2\/users\/2"}],"replies":[{"embeddable":true,"href":"https:\/\/arenal-residences.com\/es\/wp-json\/wp\/v2\/comments?post=246"}],"version-history":[{"count":30,"href":"https:\/\/arenal-residences.com\/es\/wp-json\/wp\/v2\/pages\/246\/revisions"}],"predecessor-version":[{"id":1210,"href":"https:\/\/arenal-residences.com\/es\/wp-json\/wp\/v2\/pages\/246\/revisions\/1210"}],"wp:attachment":[{"href":"https:\/\/arenal-residences.com\/es\/wp-json\/wp\/v2\/media?parent=246"}],"curies":[{"name":"wp","href":"https:\/\/api.w.org\/{rel}","templated":true}]}}