{"id":3,"date":"2024-09-18T09:34:36","date_gmt":"2024-09-18T09:34:36","guid":{"rendered":"https:\/\/arenal-residences.com\/?page_id=3"},"modified":"2026-04-14T16:31:42","modified_gmt":"2026-04-14T14:31:42","slug":"privacy","status":"publish","type":"page","link":"https:\/\/arenal-residences.com\/es\/privacy\/","title":{"rendered":"Pol\u00edtica de Privacidad"},"content":{"rendered":"<div data-elementor-type=\"wp-page\" data-elementor-id=\"3\" class=\"elementor elementor-3\" data-elementor-post-type=\"page\">\n\t\t\t\t<div class=\"elementor-element elementor-element-507eccb0 e-flex e-con-boxed e-con e-parent\" data-id=\"507eccb0\" data-element_type=\"container\" data-e-type=\"container\">\n\t\t\t\t\t<div class=\"e-con-inner\">\n\t\t\t\t<div class=\"elementor-element elementor-element-5f0d3767 elementor-widget elementor-widget-text-editor\" data-id=\"5f0d3767\" data-element_type=\"widget\" data-e-type=\"widget\" data-widget_type=\"text-editor.default\">\n\t\t\t\t<div class=\"elementor-widget-container\">\n\t\t\t\t\t\t\t\t\t\n<h2>1. INFORMACI\u00d3N AL USUARIO<\/h2>\n<strong>\u00bfQui\u00e9n es el responsable del tratamiento de tus datos personales?<\/strong>\n<p>Royal Balconies Of Menorca S.L. es el RESPONSABLE del tratamiento de los datos personales del USUARIO y le informa de que estos datos ser\u00e1n tratados de conformidad con el Reglamento (UE) 2016\/679 de 27 de abril (RGPD) y la Ley Org\u00e1nica 3\/2018 de 5 de diciembre (LOPDGDD).<\/p>\n<strong>\u00bfPara qu\u00e9 tratamos tus datos personales?<\/strong>\n<p>Para mantener una relaci\u00f3n comercial con el usuario. Las operaciones previstas para realizar el tratamiento son:<\/p>\n<ul>\n    <li>Remisi\u00f3n de comunicaciones comerciales publicitarias por e-mail, fax, SMS, MMS, redes sociales o cualquier otro medio electr\u00f3nico o f\u00edsico, presente o futuro. Estas comunicaciones ser\u00e1n realizadas por el RESPONSABLE y estar\u00e1n relacionadas con sus productos y servicios, o los de sus colaboradores o proveedores con los que haya alcanzado un acuerdo de promoci\u00f3n. En ning\u00fan caso los terceros tendr\u00e1n acceso a los datos personales.<\/li>\n    <li>Realizar estudios de mercado y an\u00e1lisis estad\u00edsticos.<\/li>\n    <li>Tramitar encargos, solicitudes o responder a cualquier tipo de consulta realizada por el USUARIO a trav\u00e9s de los medios de contacto disponibles en la web del RESPONSABLE.<\/li>\n    <li>Enviar el bolet\u00edn informativo online sobre novedades, ofertas y promociones en nuestra actividad.<\/li>\n<\/ul>\n<strong>\u00bfPor qu\u00e9 motivo podemos tratar tus datos personales?<\/strong>\n<p>Porque el tratamiento est\u00e1 legitimado por el art\u00edculo 6 del RGPD:<\/p>\n<ul>\n    <li>Con el consentimiento del USUARIO: env\u00edo de comunicaciones comerciales y bolet\u00edn informativo.<\/li>\n    <li>Por inter\u00e9s leg\u00edtimo del RESPONSABLE: realizar estudios de mercado, an\u00e1lisis estad\u00edsticos y gestionar solicitudes del USUARIO.<\/li>\n<\/ul>\n<strong>\u00bfDurante cu\u00e1nto tiempo conservaremos tus datos personales?<\/strong>\n<p>Los datos se conservar\u00e1n durante no m\u00e1s tiempo del necesario para los fines del tratamiento o mientras existan obligaciones legales. Cuando ya no sean necesarios, se eliminar\u00e1n con medidas de seguridad adecuadas para garantizar su anonimizaci\u00f3n o destrucci\u00f3n total.<\/p>\n<strong>\u00bfA qui\u00e9n facilitamos tus datos personales?<\/strong>\n<p>No est\u00e1 prevista la comunicaci\u00f3n de datos a terceros salvo obligaci\u00f3n legal o cuando sea necesario para el desarrollo y ejecuci\u00f3n de las finalidades del tratamiento, a nuestros proveedores de servicios con los que el RESPONSABLE ha suscrito los contratos de confidencialidad y de tratamiento de datos exigidos por la normativa.<\/p>\n<strong>\u00bfCu\u00e1les son tus derechos?<\/strong>\n<p>Los derechos del USUARIO son:<\/p>\n<ul>\n    <li>Derecho a retirar el consentimiento en cualquier momento.<\/li>\n    <li>Derecho de acceso, rectificaci\u00f3n, portabilidad y supresi\u00f3n de sus datos, y a la limitaci\u00f3n u oposici\u00f3n a su tratamiento.<\/li>\n    <li>Derecho a presentar una reclamaci\u00f3n ante la autoridad de control espa\u00f1ola (www.aepd.es).<\/li>\n<\/ul>\n<strong>Datos de contacto para ejercer sus derechos:<\/strong>\n<p>Royal Balconies Of Menorca S.L.<br>Calle Severo Ochoa 48 BAJO 1. 03203, Elche (Alicante). Espa\u00f1a<br>E-mail: info@azurgroup.eu<\/p>\n<h2>2. CAR\u00c1CTER OBLIGATORIO O FACULTATIVO DE LA INFORMACI\u00d3N FACILITADA POR EL USUARIO<\/h2>\n<p>El USUARIO, mediante la marcaci\u00f3n de las casillas correspondientes y la introducci\u00f3n de datos en los campos marcados con asterisco (*), acepta de forma expresa, libre e inequ\u00edvoca que sus datos son necesarios para atender su solicitud. El USUARIO garantiza que los datos personales facilitados son veraces y se compromete a comunicar cualquier modificaci\u00f3n.<\/p>\n<p>El RESPONSABLE informa de que todos los datos solicitados a trav\u00e9s de la web son obligatorios, ya que son necesarios para la correcta prestaci\u00f3n del servicio. En caso de no facilitarlos, no se garantiza que la informaci\u00f3n y los servicios se ajusten plenamente a las necesidades del USUARIO.<\/p>\n<h2>3. MEDIDAS DE SEGURIDAD<\/h2>\n<p>De conformidad con la normativa vigente en protecci\u00f3n de datos, el RESPONSABLE cumple con todas las disposiciones del RGPD y la LOPDGDD, aplicando los principios establecidos en el art\u00edculo 5 del RGPD.<\/p>\n<p>El RESPONSABLE garantiza que se han implementado medidas t\u00e9cnicas y organizativas adecuadas para proteger los derechos y libertades de los USUARIOS.<\/p>\n<p>Para m\u00e1s informaci\u00f3n sobre privacidad, puede contactar con:<\/p>\n<p>Royal Balconies Of Menorca S.L.<br>Calle Severo Ochoa 48 BAJO 1. 03203, Elche (Alicante). Espa\u00f1a<br>E-mail: info@azurgroup.eu<\/p>\n\t\t\t\t\t\t\t\t<\/div>\n\t\t\t\t<\/div>\n\t\t\t\t\t<\/div>\n\t\t\t\t<\/div>\n\t\t\t\t<\/div>","protected":false},"excerpt":{"rendered":"<p>1. USER INFORMATION Who is the controller of your personal data? Royal Balconies Of Menorca S.L. is the CONTROLLER of the USER\u2019s personal data and informs that these data will be processed in accordance with Regulation (EU) 2016\/679 of 27 April (GDPR) and Organic Law 3\/2018 of 5 December (LOPDGDD). Why do we process your [&hellip;]<\/p>","protected":false},"author":2,"featured_media":0,"parent":0,"menu_order":0,"comment_status":"closed","ping_status":"closed","template":"","meta":{"_joinchat":[],"footnotes":""},"class_list":["post-3","page","type-page","status-publish","hentry"],"yoast_head":"<!-- This site is optimized with the Yoast SEO plugin v27.4 - https:\/\/yoast.com\/product\/yoast-seo-wordpress\/ -->\n<title>Privacy Policy - Arenal d&#039;en Castell<\/title>\n<meta name=\"robots\" content=\"noindex, follow\" \/>\n<meta property=\"og:locale\" content=\"es_ES\" \/>\n<meta property=\"og:type\" content=\"article\" \/>\n<meta property=\"og:title\" content=\"Privacy Policy - Arenal d&#039;en Castell\" \/>\n<meta property=\"og:description\" content=\"1. USER INFORMATION Who is the controller of your personal data? Royal Balconies Of Menorca S.L. is the CONTROLLER of the USER\u2019s personal data and informs that these data will be processed in accordance with Regulation (EU) 2016\/679 of 27 April (GDPR) and Organic Law 3\/2018 of 5 December (LOPDGDD). Why do we process your [&hellip;]\" \/>\n<meta property=\"og:url\" content=\"https:\/\/arenal-residences.com\/es\/privacy\/\" \/>\n<meta property=\"og:site_name\" content=\"Arenal d&#039;en Castell\" \/>\n<meta property=\"article:modified_time\" content=\"2026-04-14T14:31:42+00:00\" \/>\n<meta name=\"twitter:card\" content=\"summary_large_image\" \/>\n<meta name=\"twitter:label1\" content=\"Tiempo de lectura\" \/>\n\t<meta name=\"twitter:data1\" content=\"3 minutos\" \/>\n<script type=\"application\/ld+json\" class=\"yoast-schema-graph\">{\"@context\":\"https:\\\/\\\/schema.org\",\"@graph\":[{\"@type\":\"WebPage\",\"@id\":\"https:\\\/\\\/arenal-residences.com\\\/privacy\\\/\",\"url\":\"https:\\\/\\\/arenal-residences.com\\\/privacy\\\/\",\"name\":\"Privacy Policy - Arenal d&#039;en Castell\",\"isPartOf\":{\"@id\":\"https:\\\/\\\/arenal-residences.com\\\/#website\"},\"datePublished\":\"2024-09-18T09:34:36+00:00\",\"dateModified\":\"2026-04-14T14:31:42+00:00\",\"breadcrumb\":{\"@id\":\"https:\\\/\\\/arenal-residences.com\\\/privacy\\\/#breadcrumb\"},\"inLanguage\":\"es\",\"potentialAction\":[{\"@type\":\"ReadAction\",\"target\":[\"https:\\\/\\\/arenal-residences.com\\\/privacy\\\/\"]}]},{\"@type\":\"BreadcrumbList\",\"@id\":\"https:\\\/\\\/arenal-residences.com\\\/privacy\\\/#breadcrumb\",\"itemListElement\":[{\"@type\":\"ListItem\",\"position\":1,\"name\":\"Home\",\"item\":\"https:\\\/\\\/arenal-residences.com\\\/\"},{\"@type\":\"ListItem\",\"position\":2,\"name\":\"Privacy Policy\"}]},{\"@type\":\"WebSite\",\"@id\":\"https:\\\/\\\/arenal-residences.com\\\/#website\",\"url\":\"https:\\\/\\\/arenal-residences.com\\\/\",\"name\":\"Arenal Residences - Arenal d'en Castell\",\"description\":\"\",\"publisher\":{\"@id\":\"https:\\\/\\\/arenal-residences.com\\\/#organization\"},\"potentialAction\":[{\"@type\":\"SearchAction\",\"target\":{\"@type\":\"EntryPoint\",\"urlTemplate\":\"https:\\\/\\\/arenal-residences.com\\\/?s={search_term_string}\"},\"query-input\":{\"@type\":\"PropertyValueSpecification\",\"valueRequired\":true,\"valueName\":\"search_term_string\"}}],\"inLanguage\":\"es\"},{\"@type\":\"Organization\",\"@id\":\"https:\\\/\\\/arenal-residences.com\\\/#organization\",\"name\":\"Arenal Residences - Arenal d'en Castell\",\"url\":\"https:\\\/\\\/arenal-residences.com\\\/\",\"logo\":{\"@type\":\"ImageObject\",\"inLanguage\":\"es\",\"@id\":\"https:\\\/\\\/arenal-residences.com\\\/#\\\/schema\\\/logo\\\/image\\\/\",\"url\":\"https:\\\/\\\/arenal-residences.com\\\/wp-content\\\/uploads\\\/2024\\\/09\\\/cropped-cropped-Arenal-Den-Castell-Logoboard-07.png\",\"contentUrl\":\"https:\\\/\\\/arenal-residences.com\\\/wp-content\\\/uploads\\\/2024\\\/09\\\/cropped-cropped-Arenal-Den-Castell-Logoboard-07.png\",\"width\":512,\"height\":512,\"caption\":\"Arenal Residences - Arenal d'en Castell\"},\"image\":{\"@id\":\"https:\\\/\\\/arenal-residences.com\\\/#\\\/schema\\\/logo\\\/image\\\/\"}}]}<\/script>\n<!-- \/ Yoast SEO plugin. -->","yoast_head_json":{"title":"Privacy Policy - Arenal d&#039;en Castell","robots":{"index":"noindex","follow":"follow"},"og_locale":"es_ES","og_type":"article","og_title":"Privacy Policy - Arenal d&#039;en Castell","og_description":"1. USER INFORMATION Who is the controller of your personal data? Royal Balconies Of Menorca S.L. is the CONTROLLER of the USER\u2019s personal data and informs that these data will be processed in accordance with Regulation (EU) 2016\/679 of 27 April (GDPR) and Organic Law 3\/2018 of 5 December (LOPDGDD). Why do we process your [&hellip;]","og_url":"https:\/\/arenal-residences.com\/es\/privacy\/","og_site_name":"Arenal d&#039;en Castell","article_modified_time":"2026-04-14T14:31:42+00:00","twitter_card":"summary_large_image","twitter_misc":{"Tiempo de lectura":"3 minutos"},"schema":{"@context":"https:\/\/schema.org","@graph":[{"@type":"WebPage","@id":"https:\/\/arenal-residences.com\/privacy\/","url":"https:\/\/arenal-residences.com\/privacy\/","name":"Privacy Policy - Arenal d&#039;en Castell","isPartOf":{"@id":"https:\/\/arenal-residences.com\/#website"},"datePublished":"2024-09-18T09:34:36+00:00","dateModified":"2026-04-14T14:31:42+00:00","breadcrumb":{"@id":"https:\/\/arenal-residences.com\/privacy\/#breadcrumb"},"inLanguage":"es","potentialAction":[{"@type":"ReadAction","target":["https:\/\/arenal-residences.com\/privacy\/"]}]},{"@type":"BreadcrumbList","@id":"https:\/\/arenal-residences.com\/privacy\/#breadcrumb","itemListElement":[{"@type":"ListItem","position":1,"name":"Home","item":"https:\/\/arenal-residences.com\/"},{"@type":"ListItem","position":2,"name":"Privacy Policy"}]},{"@type":"WebSite","@id":"https:\/\/arenal-residences.com\/#website","url":"https:\/\/arenal-residences.com\/","name":"Arenal Residences - Arenal d'en Castell","description":"","publisher":{"@id":"https:\/\/arenal-residences.com\/#organization"},"potentialAction":[{"@type":"SearchAction","target":{"@type":"EntryPoint","urlTemplate":"https:\/\/arenal-residences.com\/?s={search_term_string}"},"query-input":{"@type":"PropertyValueSpecification","valueRequired":true,"valueName":"search_term_string"}}],"inLanguage":"es"},{"@type":"Organization","@id":"https:\/\/arenal-residences.com\/#organization","name":"Arenal Residences - Arenal d'en Castell","url":"https:\/\/arenal-residences.com\/","logo":{"@type":"ImageObject","inLanguage":"es","@id":"https:\/\/arenal-residences.com\/#\/schema\/logo\/image\/","url":"https:\/\/arenal-residences.com\/wp-content\/uploads\/2024\/09\/cropped-cropped-Arenal-Den-Castell-Logoboard-07.png","contentUrl":"https:\/\/arenal-residences.com\/wp-content\/uploads\/2024\/09\/cropped-cropped-Arenal-Den-Castell-Logoboard-07.png","width":512,"height":512,"caption":"Arenal Residences - Arenal d'en Castell"},"image":{"@id":"https:\/\/arenal-residences.com\/#\/schema\/logo\/image\/"}}]}},"_hostinger_reach_plugin_has_subscription_block":false,"_hostinger_reach_plugin_is_elementor":false,"_links":{"self":[{"href":"https:\/\/arenal-residences.com\/es\/wp-json\/wp\/v2\/pages\/3","targetHints":{"allow":["GET"]}}],"collection":[{"href":"https:\/\/arenal-residences.com\/es\/wp-json\/wp\/v2\/pages"}],"about":[{"href":"https:\/\/arenal-residences.com\/es\/wp-json\/wp\/v2\/types\/page"}],"author":[{"embeddable":true,"href":"https:\/\/arenal-residences.com\/es\/wp-json\/wp\/v2\/users\/2"}],"replies":[{"embeddable":true,"href":"https:\/\/arenal-residences.com\/es\/wp-json\/wp\/v2\/comments?post=3"}],"version-history":[{"count":18,"href":"https:\/\/arenal-residences.com\/es\/wp-json\/wp\/v2\/pages\/3\/revisions"}],"predecessor-version":[{"id":1168,"href":"https:\/\/arenal-residences.com\/es\/wp-json\/wp\/v2\/pages\/3\/revisions\/1168"}],"wp:attachment":[{"href":"https:\/\/arenal-residences.com\/es\/wp-json\/wp\/v2\/media?parent=3"}],"curies":[{"name":"wp","href":"https:\/\/api.w.org\/{rel}","templated":true}]}}